{"id":49,"date":"2020-12-31T10:56:53","date_gmt":"2020-12-31T10:56:53","guid":{"rendered":"http:\/\/accueil.huneau.eu\/?page_id=49"},"modified":"2020-12-31T11:19:27","modified_gmt":"2020-12-31T11:19:27","slug":"a-propos","status":"publish","type":"page","link":"https:\/\/accueil.huneau.eu\/","title":{"rendered":"Des liens"},"content":{"rendered":"\n<p style=\"font-size:21px;line-height:1.4\"><a href=\"https:\/\/scivla.huneau.eu\/\">Vers l&rsquo;Arroz (Priv\u00e9)<\/a><\/p>\n\n\n\n<p style=\"font-size:21px;line-height:1.4\"><a href=\"http:\/\/genealogie.huneau.eu\/\">Donn\u00e9es g\u00e9n\u00e9alogiques<\/a><\/p>\n\n\n\n<p style=\"font-size:21px;line-height:1.4\"><a href=\"https:\/\/gw.geneanet.org\/dhuneau\">Arbre g\u00e9n\u00e9alogique Auguste HUNEAU<\/a><\/p>\n\n\n\n<p style=\"font-size:21px;line-height:1.4\"><a href=\"https:\/\/chronique.huneau.eu\/\" data-type=\"URL\">Chronique<\/a><\/p>\n\n\n\n<p style=\"font-size:21px;line-height:1.4\"><\/p>\n","protected":false},"excerpt":{"rendered":"<p>Vers l&rsquo;Arroz (Priv\u00e9) Donn\u00e9es g\u00e9n\u00e9alogiques Arbre g\u00e9n\u00e9alogique Auguste HUNEAU Chronique<\/p>\n","protected":false},"author":1,"featured_media":0,"parent":0,"menu_order":0,"comment_status":"closed","ping_status":"closed","template":"","meta":[],"_links":{"self":[{"href":"https:\/\/accueil.huneau.eu\/index.php?rest_route=\/wp\/v2\/pages\/49"}],"collection":[{"href":"https:\/\/accueil.huneau.eu\/index.php?rest_route=\/wp\/v2\/pages"}],"about":[{"href":"https:\/\/accueil.huneau.eu\/index.php?rest_route=\/wp\/v2\/types\/page"}],"author":[{"embeddable":true,"href":"https:\/\/accueil.huneau.eu\/index.php?rest_route=\/wp\/v2\/users\/1"}],"replies":[{"embeddable":true,"href":"https:\/\/accueil.huneau.eu\/index.php?rest_route=%2Fwp%2Fv2%2Fcomments&post=49"}],"version-history":[{"count":3,"href":"https:\/\/accueil.huneau.eu\/index.php?rest_route=\/wp\/v2\/pages\/49\/revisions"}],"predecessor-version":[{"id":57,"href":"https:\/\/accueil.huneau.eu\/index.php?rest_route=\/wp\/v2\/pages\/49\/revisions\/57"}],"wp:attachment":[{"href":"https:\/\/accueil.huneau.eu\/index.php?rest_route=%2Fwp%2Fv2%2Fmedia&parent=49"}],"curies":[{"name":"wp","href":"https:\/\/api.w.org\/{rel}","templated":true}]}}